{"id":9,"date":"2024-11-24T11:03:00","date_gmt":"2024-11-24T11:03:00","guid":{"rendered":"https:\/\/crowdytheme.com\/wp\/helo\/adex-inner\/?page_id=9"},"modified":"2026-01-07T11:06:26","modified_gmt":"2026-01-07T09:06:26","slug":"contact","status":"publish","type":"page","link":"https:\/\/myceliumgmt.com\/en\/contact\/","title":{"rendered":"Contact"},"content":{"rendered":"<div data-elementor-type=\"wp-page\" data-elementor-id=\"9\" class=\"elementor elementor-9\">\n\t\t\t\t<div class=\"elementor-element elementor-element-236642d e-flex e-con-boxed e-con e-child\" data-id=\"236642d\" data-element_type=\"container\" data-settings=\"{&quot;wcf_enable_cursor_hover_effect_text&quot;:&quot;View&quot;,&quot;background_background&quot;:&quot;classic&quot;,&quot;wcf-animation&quot;:&quot;none&quot;}\">\n\t\t\t\t\t<div class=\"e-con-inner\">\n\t\t<div class=\"elementor-element elementor-element-a3a6cc0 e-con-full e-flex e-con e-child\" data-id=\"a3a6cc0\" data-element_type=\"container\" data-settings=\"{&quot;wcf_enable_cursor_hover_effect_text&quot;:&quot;View&quot;,&quot;wcf-animation&quot;:&quot;none&quot;}\">\n\t\t\t\t<div class=\"elementor-element elementor-element-a6bffc4 elementor-widget-tablet_extra__width-initial elementor-widget-mobile__width-inherit wcf-t-animation-text_move elementor-widget elementor-widget-wcf--title\" data-id=\"a6bffc4\" data-element_type=\"widget\" data-settings=\"{&quot;text_transform_origin&quot;:&quot;top center -50&quot;,&quot;wcf_text_animation&quot;:&quot;text_move&quot;,&quot;text_duration&quot;:0.75,&quot;text_rotation&quot;:-30,&quot;text_delay&quot;:0.15,&quot;text_stagger&quot;:0.02,&quot;text_on_scroll&quot;:&quot;yes&quot;,&quot;text_rotation_di&quot;:&quot;x&quot;,&quot;wcf-animation&quot;:&quot;none&quot;}\" data-widget_type=\"wcf--title.default\">\n\t\t\t\t<div class=\"elementor-widget-container\">\n\t\t\t\t\t<h1 class=\"wcf--title\">Do not hesitate to reach out<\/h1>\t\t\t\t<\/div>\n\t\t\t\t<\/div>\n\t\t<div class=\"elementor-element elementor-element-148fb22 e-con-full e-flex e-con e-child\" data-id=\"148fb22\" data-element_type=\"container\" data-settings=\"{&quot;wcf_enable_cursor_hover_effect_text&quot;:&quot;View&quot;,&quot;wcf-animation&quot;:&quot;none&quot;}\">\n\t\t\t\t<div class=\"elementor-element elementor-element-7d2d8f9 elementor-widget__width-initial elementor-widget-tablet_extra__width-initial elementor-widget-mobile_extra__width-inherit elementor-widget-mobile__width-inherit wcf-t-animation-none elementor-widget elementor-widget-wcf--text\" data-id=\"7d2d8f9\" data-element_type=\"widget\" data-settings=\"{&quot;wcf-animation&quot;:&quot;fade&quot;,&quot;delay&quot;:0.75,&quot;data-duration&quot;:0.75,&quot;fade-offset&quot;:40,&quot;wcf_text_animation&quot;:&quot;none&quot;,&quot;aae_method&quot;:&quot;from&quot;,&quot;aae_trigger&quot;:&quot;on_scroll&quot;,&quot;fade-from&quot;:&quot;bottom&quot;,&quot;ease&quot;:&quot;power2.out&quot;}\" data-widget_type=\"wcf--text.default\">\n\t\t\t\t<div class=\"elementor-widget-container\">\n\t\t\t\t\t<div class=\"wcf--text\"><p class=\"p1\">Please use the form below to contact us. We will be happy to discuss your objectives in more detail.<\/p><\/div>\t\t\t\t<\/div>\n\t\t\t\t<\/div>\n\t\t\t\t<\/div>\n\t\t\t\t<\/div>\n\t\t<div class=\"elementor-element elementor-element-56043c7 e-con-full e-flex e-con e-child\" data-id=\"56043c7\" data-element_type=\"container\" data-settings=\"{&quot;wcf_enable_cursor_hover_effect_text&quot;:&quot;View&quot;,&quot;wcf-animation&quot;:&quot;none&quot;}\">\n\t\t\t\t<div class=\"elementor-element elementor-element-2809940 elementor-view-default elementor-widget elementor-widget-icon\" data-id=\"2809940\" data-element_type=\"widget\" data-settings=\"{&quot;wcf-animation&quot;:&quot;fade&quot;,&quot;delay&quot;:0.75,&quot;data-duration&quot;:0.75,&quot;fade-offset&quot;:40,&quot;aae_method&quot;:&quot;from&quot;,&quot;aae_trigger&quot;:&quot;on_scroll&quot;,&quot;fade-from&quot;:&quot;bottom&quot;,&quot;ease&quot;:&quot;power2.out&quot;}\" data-widget_type=\"icon.default\">\n\t\t\t\t<div class=\"elementor-widget-container\">\n\t\t\t\t\t\t\t<div class=\"elementor-icon-wrapper\">\n\t\t\t<a class=\"elementor-icon\" href=\"#\">\n\t\t\t<svg xmlns=\"http:\/\/www.w3.org\/2000\/svg\" width=\"135\" height=\"135\" viewbox=\"0 0 135 135\" fill=\"none\"><g id=\"Arrow\"><path id=\"Vector 2\" d=\"M68 4V131M68 131L123 76M68 131L13 76\" stroke=\"#DFDFDF\" stroke-width=\"5\" stroke-linecap=\"round\" stroke-linejoin=\"round\"><\/path><\/g><\/svg>\t\t\t<\/a>\n\t\t<\/div>\n\t\t\t\t\t\t<\/div>\n\t\t\t\t<\/div>\n\t\t\t\t<\/div>\n\t\t\t\t\t<\/div>\n\t\t\t\t<\/div>\n\t\t<div class=\"elementor-element elementor-element-cb5b647 e-flex e-con-boxed e-con e-parent\" data-id=\"cb5b647\" data-element_type=\"container\" data-settings=\"{&quot;wcf_enable_cursor_hover_effect_text&quot;:&quot;View&quot;,&quot;wcf-animation&quot;:&quot;none&quot;}\">\n\t\t\t\t\t<div class=\"e-con-inner\">\n\t\t<div class=\"elementor-element elementor-element-e5e75ac e-con-full e-flex e-con e-child\" data-id=\"e5e75ac\" data-element_type=\"container\" data-settings=\"{&quot;background_background&quot;:&quot;gradient&quot;,&quot;wcf_enable_cursor_hover_effect_text&quot;:&quot;View&quot;,&quot;wcf-animation&quot;:&quot;none&quot;}\">\n\t\t<div class=\"elementor-element elementor-element-61b1bdb e-con-full e-flex e-con e-child\" data-id=\"61b1bdb\" data-element_type=\"container\" data-settings=\"{&quot;wcf_enable_cursor_hover_effect_text&quot;:&quot;View&quot;,&quot;wcf-animation&quot;:&quot;none&quot;}\">\n\t\t\t\t<div class=\"elementor-element elementor-element-14eb26a elementor-view-default elementor-widget elementor-widget-icon\" data-id=\"14eb26a\" data-element_type=\"widget\" data-settings=\"{&quot;wcf-animation&quot;:&quot;fade&quot;,&quot;wcf_enable_animation_editor&quot;:&quot;yes&quot;,&quot;ease&quot;:&quot;back&quot;,&quot;aae_method&quot;:&quot;from&quot;,&quot;aae_trigger&quot;:&quot;on_scroll&quot;,&quot;delay&quot;:0.15,&quot;fade-from&quot;:&quot;bottom&quot;,&quot;data-duration&quot;:1.5,&quot;fade-offset&quot;:50}\" data-widget_type=\"icon.default\">\n\t\t\t\t<div class=\"elementor-widget-container\">\n\t\t\t\t\t\t\t<div class=\"elementor-icon-wrapper\">\n\t\t\t<div class=\"elementor-icon\">\n\t\t\t<svg xmlns=\"http:\/\/www.w3.org\/2000\/svg\" width=\"42\" height=\"30\" viewbox=\"0 0 42 30\" fill=\"none\"><path id=\"Union\" fill-rule=\"evenodd\" clip-rule=\"evenodd\" d=\"M24.2535 2.26325e-06L24.2535 13.5849L28.6794 13.5849C32.0318 13.5849 35.145 15.6614 35.4104 18.8592C35.5076 20.0297 35.4696 21.1866 35.1549 22.0799C34.1408 25.92 30.5916 26.3208 30.5916 26.3208L30.5916 30C30.5916 30 42 28.56 42 17.04L42 3.8147e-06L24.2535 2.26325e-06ZM-1.19201e-06 1.4294e-07L-2.37964e-06 13.5849L4.42586 13.5849C7.77827 13.5849 10.8915 15.6614 11.1569 18.8592C11.2541 20.0297 11.216 21.1866 10.9014 22.0799C9.88733 25.92 6.33803 26.3208 6.33803 26.3208L6.33803 30C6.33803 30 17.7465 28.56 17.7465 17.04L17.7465 1.69439e-06L-1.19201e-06 1.4294e-07Z\" fill=\"#D6D6D6\"><\/path><\/svg>\t\t\t<\/div>\n\t\t<\/div>\n\t\t\t\t\t\t<\/div>\n\t\t\t\t<\/div>\n\t\t\t\t<div class=\"elementor-element elementor-element-a1d4f50 wcf-t-animation-text_move elementor-widget elementor-widget-wcf--text\" data-id=\"a1d4f50\" data-element_type=\"widget\" data-settings=\"{&quot;wcf_text_animation&quot;:&quot;text_move&quot;,&quot;text_transform_origin&quot;:&quot;top center -50&quot;,&quot;text_delay&quot;:0.15,&quot;text_duration&quot;:1,&quot;text_stagger&quot;:0.02,&quot;text_on_scroll&quot;:&quot;yes&quot;,&quot;text_rotation_di&quot;:&quot;x&quot;,&quot;text_rotation&quot;:&quot;-80&quot;,&quot;wcf-animation&quot;:&quot;none&quot;}\" data-widget_type=\"wcf--text.default\">\n\t\t\t\t<div class=\"elementor-widget-container\">\n\t\t\t\t\t<div class=\"wcf--text\"><p>\u201cWe create strategies that <b>inspire and drive real impact\u2014powered by a collaborative vision.<\/b>\u00a0<b>Join the adventure today.<\/b>\u201d<\/p><\/div>\t\t\t\t<\/div>\n\t\t\t\t<\/div>\n\t\t<div class=\"elementor-element elementor-element-29133d2 e-con-full e-flex e-con e-child\" data-id=\"29133d2\" data-element_type=\"container\" data-settings=\"{&quot;wcf_enable_cursor_hover_effect_text&quot;:&quot;View&quot;,&quot;wcf-animation&quot;:&quot;none&quot;}\">\n\t\t<div class=\"elementor-element elementor-element-7624232 e-con-full e-flex e-con e-child\" data-id=\"7624232\" data-element_type=\"container\" data-settings=\"{&quot;wcf_enable_cursor_hover_effect_text&quot;:&quot;View&quot;,&quot;wcf-animation&quot;:&quot;none&quot;}\">\n\t\t\t\t<div class=\"elementor-element elementor-element-249887f elementor-invisible elementor-widget elementor-widget-wcf--image\" data-id=\"249887f\" data-element_type=\"widget\" data-settings=\"{&quot;_animation&quot;:&quot;fadeInUp&quot;,&quot;wcf-image-animation&quot;:&quot;none&quot;,&quot;wcf-animation&quot;:&quot;none&quot;}\" data-widget_type=\"wcf--image.default\">\n\t\t\t\t<div class=\"elementor-widget-container\">\n\t\t\t\t\t\t\t<div class=\"wcf--image\">\r\n\t\t\t\t\t\t\t<img fetchpriority=\"high\" decoding=\"async\" width=\"422\" height=\"431\" src=\"https:\/\/myceliumgmt.com\/wp-content\/uploads\/2025\/09\/Bollet.webp\" class=\"attachment-full size-full wp-image-11757\" alt=\"\" srcset=\"https:\/\/myceliumgmt.com\/wp-content\/uploads\/2025\/09\/Bollet.webp 422w, https:\/\/myceliumgmt.com\/wp-content\/uploads\/2025\/09\/Bollet-294x300.webp 294w\" sizes=\"(max-width: 422px) 100vw, 422px\" \/>\t\t\t\t\t\t<\/div>\r\n\t\t\t\t\t\t<\/div>\n\t\t\t\t<\/div>\n\t\t\t\t<\/div>\n\t\t<div class=\"elementor-element elementor-element-2fdb172 e-con-full e-flex e-con e-child\" data-id=\"2fdb172\" data-element_type=\"container\" data-settings=\"{&quot;wcf_enable_cursor_hover_effect_text&quot;:&quot;View&quot;,&quot;wcf-animation&quot;:&quot;none&quot;}\">\n\t\t\t\t<div class=\"elementor-element elementor-element-349c350 wcf-t-animation-none elementor-widget elementor-widget-wcf--text\" data-id=\"349c350\" data-element_type=\"widget\" data-settings=\"{&quot;wcf_text_animation&quot;:&quot;none&quot;,&quot;wcf-animation&quot;:&quot;none&quot;}\" data-widget_type=\"wcf--text.default\">\n\t\t\t\t<div class=\"elementor-widget-container\">\n\t\t\t\t\t<div class=\"wcf--text\"><p>S\u00e9bastien Bollet<\/p><\/div>\t\t\t\t<\/div>\n\t\t\t\t<\/div>\n\t\t\t\t<div class=\"elementor-element elementor-element-4de1b88 wcf-t-animation-none elementor-widget elementor-widget-wcf--text\" data-id=\"4de1b88\" data-element_type=\"widget\" data-settings=\"{&quot;wcf_text_animation&quot;:&quot;none&quot;,&quot;wcf-animation&quot;:&quot;none&quot;}\" data-widget_type=\"wcf--text.default\">\n\t\t\t\t<div class=\"elementor-widget-container\">\n\t\t\t\t\t<div class=\"wcf--text\"><p>Founder<\/p><\/div>\t\t\t\t<\/div>\n\t\t\t\t<\/div>\n\t\t\t\t<\/div>\n\t\t\t\t<\/div>\n\t\t\t\t<div class=\"elementor-element elementor-element-a6b20b3 elementor-widget elementor-widget-wcf--button\" data-id=\"a6b20b3\" data-element_type=\"widget\" data-settings=\"{&quot;wcf-animation&quot;:&quot;none&quot;}\" data-widget_type=\"wcf--button.default\">\n\t\t\t\t<div class=\"elementor-widget-container\">\n\t\t\t\t\t\t\t<div class=\"wcf__btn\">\r\n\t\t\t\t\t\t\t<a href=\"mailto:%20bonjour@myceliumgmt.com\" class=\"wcf-btn-default btn-hover-none\">\r\n\t\t\t\t\t<i aria-hidden=\"true\" class=\"helo-theme wcftheme-wcf-icon icon-wcf-envelop1\"><\/i>\t\t\t\t\tbonjour@myceliumgmt.com\t\t\t\t<\/a>\r\n\t\t\t\t\t\t<\/div>\r\n\t\t\t\t\t\t<\/div>\n\t\t\t\t<\/div>\n\t\t\t\t<\/div>\n\t\t<div class=\"elementor-element elementor-element-df7ab03 e-con-full e-flex e-con e-child\" data-id=\"df7ab03\" data-element_type=\"container\" data-settings=\"{&quot;wcf_enable_cursor_hover_effect_text&quot;:&quot;View&quot;,&quot;wcf-animation&quot;:&quot;none&quot;}\">\n\t\t\t\t<div class=\"elementor-element elementor-element-cac7414 icon-position-before elementor-widget elementor-widget-wcf--contact-form-7\" data-id=\"cac7414\" data-element_type=\"widget\" data-settings=\"{&quot;wcf-animation&quot;:&quot;fade&quot;,&quot;wcf_enable_animation_editor&quot;:&quot;yes&quot;,&quot;delay&quot;:1,&quot;data-duration&quot;:0.75,&quot;fade-offset&quot;:40,&quot;aae_method&quot;:&quot;from&quot;,&quot;aae_trigger&quot;:&quot;on_scroll&quot;,&quot;fade-from&quot;:&quot;bottom&quot;,&quot;ease&quot;:&quot;power2.out&quot;}\" data-widget_type=\"wcf--contact-form-7.default\">\n\t\t\t\t<div class=\"elementor-widget-container\">\n\t\t\t\t\t        <style>\r\n            .wcf--form-wrapper form label {\r\n                display: block;\r\n            }\r\n        <\/style>\r\n        <div class=\"wcf--form-wrapper\" btn-hover=\"btn-hover-none\" >\r\n\t\t\t\n<div class=\"wpcf7 no-js\" id=\"wpcf7-f681-o1\" lang=\"en-US\" dir=\"ltr\" data-wpcf7-id=\"681\">\n<div class=\"screen-reader-response\"><p role=\"status\" aria-live=\"polite\" aria-atomic=\"true\"><\/p> <ul><\/ul><\/div>\n<form action=\"\/en\/wp-json\/wp\/v2\/pages\/9#wpcf7-f681-o1\" method=\"post\" class=\"wpcf7-form init\" aria-label=\"Contact form\" novalidate=\"novalidate\" data-status=\"init\" data-trp-original-action=\"\/en\/wp-json\/wp\/v2\/pages\/9#wpcf7-f681-o1\">\n<fieldset class=\"hidden-fields-container\"><input type=\"hidden\" name=\"_wpcf7\" value=\"681\" \/><input type=\"hidden\" name=\"_wpcf7_version\" value=\"6.1.4\" \/><input type=\"hidden\" name=\"_wpcf7_locale\" value=\"en_US\" \/><input type=\"hidden\" name=\"_wpcf7_unit_tag\" value=\"wpcf7-f681-o1\" \/><input type=\"hidden\" name=\"_wpcf7_container_post\" value=\"0\" \/><input type=\"hidden\" name=\"_wpcf7_posted_data_hash\" value=\"\" \/>\n<\/fieldset>\n<div class=\"row\">\n\t<div class=\"col50\">\n\t\t<p><label> Name <\/label><span class=\"wpcf7-form-control-wrap\" data-name=\"your-name\"><input size=\"40\" maxlength=\"400\" class=\"wpcf7-form-control wpcf7-text wpcf7-validates-as-required your-name\" aria-required=\"true\" aria-invalid=\"false\" value=\"\" type=\"text\" name=\"your-name\" \/><\/span>\n\t\t<\/p>\n\t<\/div>\n\t<div class=\"col50\">\n\t\t<p><label> Company <\/label><span class=\"wpcf7-form-control-wrap\" data-name=\"company\"><input size=\"40\" maxlength=\"400\" class=\"wpcf7-form-control wpcf7-text company\" aria-invalid=\"false\" value=\"\" type=\"text\" name=\"company\" \/><\/span>\n\t\t<\/p>\n\t<\/div>\n\t<div class=\"col50\">\n\t\t<p><label> Email <\/label><span class=\"wpcf7-form-control-wrap\" data-name=\"email-prospect\"><input size=\"40\" maxlength=\"400\" class=\"wpcf7-form-control wpcf7-email wpcf7-validates-as-required wpcf7-text wpcf7-validates-as-email\" aria-required=\"true\" aria-invalid=\"false\" value=\"\" type=\"email\" name=\"email-prospect\" \/><\/span>\n\t\t<\/p>\n\t<\/div>\n\t<div class=\"col50\">\n\t\t<p><label> Phone number <\/label><span class=\"wpcf7-form-control-wrap\" data-name=\"phone\"><input size=\"40\" maxlength=\"400\" class=\"wpcf7-form-control wpcf7-tel wpcf7-text wpcf7-validates-as-tel phone\" aria-invalid=\"false\" value=\"\" type=\"tel\" name=\"phone\" \/><\/span>\n\t\t<\/p>\n\t<\/div>\n\t<div class=\"col100\">\n\t\t<p><label> Message <\/label><span class=\"wpcf7-form-control-wrap\" data-name=\"your-message\"><textarea cols=\"40\" rows=\"10\" maxlength=\"2000\" class=\"wpcf7-form-control wpcf7-textarea wpcf7-validates-as-required message\" aria-required=\"true\" aria-invalid=\"false\" name=\"your-message\"><\/textarea><\/span>\n\t\t<\/p>\n\t<\/div>\n\t<p><span class=\"wpcf7-form-control-wrap\" data-name=\"acceptance\"><span class=\"wpcf7-form-control wpcf7-acceptance\"><span class=\"wpcf7-list-item\"><label><input type=\"checkbox\" name=\"acceptance\" value=\"1\" aria-invalid=\"false\" \/><span class=\"wpcf7-list-item-label\">By submitting this form, you agree to our privacy policy.<\/span><\/label><\/span><\/span><\/span>\n\t<\/p>\n\t<div class=\"col50 right\">\n\t\t<p><input class=\"wpcf7-form-control wpcf7-submit has-spinner submit-button\" type=\"submit\" value=\"Send\" \/>\n\t\t<\/p>\n\t<\/div>\n<\/div><p style=\"display: none !important;\" class=\"akismet-fields-container\" data-prefix=\"_wpcf7_ak_\"><label>&#916;<textarea name=\"_wpcf7_ak_hp_textarea\" cols=\"45\" rows=\"8\" maxlength=\"100\"><\/textarea><\/label><input type=\"hidden\" id=\"ak_js_1\" name=\"_wpcf7_ak_js\" value=\"179\"\/><script>document.getElementById( \"ak_js_1\" ).setAttribute( \"value\", ( new Date() ).getTime() );<\/script><\/p><div class=\"wpcf7-response-output\" aria-hidden=\"true\"><\/div>\n<input type=\"hidden\" name=\"trp-form-language\" value=\"en\"\/><\/form>\n<\/div>\n            <div class=\"btn-icon elementor-screen-only\">\r\n\t\t\t\t            <\/div>\r\n        <\/div>\r\n\r\n\t\t\t\t\t\t<\/div>\n\t\t\t\t<\/div>\n\t\t\t\t<\/div>\n\t\t\t\t<\/div>\n\t\t\t\t\t<\/div>\n\t\t\t\t<\/div>\n\t\t<div class=\"elementor-element elementor-element-4b2b6525 e-con-full e-flex e-con e-parent\" data-id=\"4b2b6525\" data-element_type=\"container\" data-settings=\"{&quot;wcf_enable_cursor_hover_effect_text&quot;:&quot;View&quot;,&quot;wcf-animation&quot;:&quot;none&quot;}\">\n\t\t\t\t<div class=\"elementor-element elementor-element-c2b0f84 elementor-widget elementor-widget-wcf--image\" data-id=\"c2b0f84\" data-element_type=\"widget\" data-settings=\"{&quot;wcf-image-animation&quot;:&quot;none&quot;,&quot;wcf-animation&quot;:&quot;none&quot;}\" data-widget_type=\"wcf--image.default\">\n\t\t\t\t<div class=\"elementor-widget-container\">\n\t\t\t\t\t\t\t<div class=\"wcf--image\">\r\n\t\t\t\t\t\t\t<img decoding=\"async\" width=\"2560\" height=\"1672\" src=\"https:\/\/myceliumgmt.com\/wp-content\/uploads\/2025\/09\/carte-allongee-sur-une-table-en-bois-scaled.jpg\" class=\"attachment-full size-full wp-image-11912\" alt=\"Digital Marketing Table\" srcset=\"https:\/\/myceliumgmt.com\/wp-content\/uploads\/2025\/09\/carte-allongee-sur-une-table-en-bois-scaled.jpg 2560w, https:\/\/myceliumgmt.com\/wp-content\/uploads\/2025\/09\/carte-allongee-sur-une-table-en-bois-300x196.jpg 300w, https:\/\/myceliumgmt.com\/wp-content\/uploads\/2025\/09\/carte-allongee-sur-une-table-en-bois-1024x669.jpg 1024w, https:\/\/myceliumgmt.com\/wp-content\/uploads\/2025\/09\/carte-allongee-sur-une-table-en-bois-768x502.jpg 768w, https:\/\/myceliumgmt.com\/wp-content\/uploads\/2025\/09\/carte-allongee-sur-une-table-en-bois-1536x1003.jpg 1536w, https:\/\/myceliumgmt.com\/wp-content\/uploads\/2025\/09\/carte-allongee-sur-une-table-en-bois-2048x1337.jpg 2048w, https:\/\/myceliumgmt.com\/wp-content\/uploads\/2025\/09\/carte-allongee-sur-une-table-en-bois-18x12.jpg 18w\" sizes=\"(max-width: 2560px) 100vw, 2560px\" \/>\t\t\t\t\t\t<\/div>\r\n\t\t\t\t\t\t<\/div>\n\t\t\t\t<\/div>\n\t\t\t\t<\/div>\n\t\t\t\t<\/div>","protected":false},"excerpt":{"rendered":"<p>N\u2019h\u00e9sitez pas \u00e0 nous contacter Envoyez-nous un message via le formulaire ci-dessous pour que nous puissions parler plus en d\u00e9tail de vos objectifs. \u201cNous concevons des strat\u00e9gies qui inspirent et performent, le tout port\u00e9 par une vision collaborative.\u00a0Rejoignez l\u2019aventure d\u00e8s aujourd\u2019hui !\u201d S\u00e9bastien Bollet Fondateur bonjour@myceliumgmt.com Nom Soci\u00e9t\u00e9 Email T\u00e9l\u00e9phone Message En soumettant ce formulaire, [&hellip;]<\/p>","protected":false},"author":1,"featured_media":0,"parent":0,"menu_order":0,"comment_status":"closed","ping_status":"closed","template":"elementor_header_footer","meta":{"footnotes":""},"class_list":["post-9","page","type-page","status-publish","hentry"],"_links":{"self":[{"href":"https:\/\/myceliumgmt.com\/en\/wp-json\/wp\/v2\/pages\/9","targetHints":{"allow":["GET"]}}],"collection":[{"href":"https:\/\/myceliumgmt.com\/en\/wp-json\/wp\/v2\/pages"}],"about":[{"href":"https:\/\/myceliumgmt.com\/en\/wp-json\/wp\/v2\/types\/page"}],"author":[{"embeddable":true,"href":"https:\/\/myceliumgmt.com\/en\/wp-json\/wp\/v2\/users\/1"}],"replies":[{"embeddable":true,"href":"https:\/\/myceliumgmt.com\/en\/wp-json\/wp\/v2\/comments?post=9"}],"version-history":[{"count":55,"href":"https:\/\/myceliumgmt.com\/en\/wp-json\/wp\/v2\/pages\/9\/revisions"}],"predecessor-version":[{"id":12503,"href":"https:\/\/myceliumgmt.com\/en\/wp-json\/wp\/v2\/pages\/9\/revisions\/12503"}],"wp:attachment":[{"href":"https:\/\/myceliumgmt.com\/en\/wp-json\/wp\/v2\/media?parent=9"}],"curies":[{"name":"wp","href":"https:\/\/api.w.org\/{rel}","templated":true}]}}