{"id":12211,"date":"2025-11-18T20:07:10","date_gmt":"2025-11-18T18:07:10","guid":{"rendered":"https:\/\/myceliumgmt.com\/?page_id=12211"},"modified":"2026-01-06T21:21:42","modified_gmt":"2026-01-06T19:21:42","slug":"politique-de-confidentialite","status":"publish","type":"page","link":"https:\/\/myceliumgmt.com\/en\/politique-de-confidentialite\/","title":{"rendered":"Privacy Policy"},"content":{"rendered":"<div data-elementor-type=\"wp-page\" data-elementor-id=\"12211\" class=\"elementor elementor-12211\">\n\t\t\t\t<div class=\"elementor-element elementor-element-351e7ffb e-flex e-con-boxed e-con e-parent\" data-id=\"351e7ffb\" data-element_type=\"container\" data-settings=\"{&quot;wcf_enable_cursor_hover_effect_text&quot;:&quot;View&quot;,&quot;wcf-animation&quot;:&quot;none&quot;}\">\n\t\t\t\t\t<div class=\"e-con-inner\">\n\t\t\t\t<div class=\"elementor-element elementor-element-d20dadf wcf-t-animation-none elementor-widget elementor-widget-text-editor\" data-id=\"d20dadf\" data-element_type=\"widget\" data-settings=\"{&quot;wcf_text_animation&quot;:&quot;none&quot;,&quot;wcf-animation&quot;:&quot;none&quot;}\" data-widget_type=\"text-editor.default\">\n\t\t\t\t<div class=\"elementor-widget-container\">\n\t\t\t\t\t\t\t\t\t<h2 style=\"text-align: center;\">POLITIQUE DE CONFIDENTIALIT\u00c9<\/h2><h3>\u00a0<\/h3><h3>Utilisation<\/h3><p>La pr\u00e9sente politique de confidentialit\u00e9 a pour objet d\u2019informer les utilisateurs du site www.myceliumgmt.com sur la mani\u00e8re dont leurs donn\u00e9es personnelles peuvent \u00eatre collect\u00e9es, trait\u00e9es et prot\u00e9g\u00e9es. Nous attachons une grande importance au respect de votre vie priv\u00e9e et \u00e0 la protection de vos donn\u00e9es. En utilisant notre site, vous acceptez la pr\u00e9sente politique, qui peut \u00eatre mise \u00e0 jour en fonction de l\u2019\u00e9volution de la l\u00e9gislation ou de nos pratiques internes.<\/p><h3>1. Identit\u00e9 du responsable de traitement<\/h3><p>Le responsable du traitement est l&#8217;EI Mycelium dont le si\u00e8ge social est situ\u00e9 34 bis route de Launaguet \u2013 31200 Toulouse, immatricul\u00e9e sous le num\u00e9ro 53024916800028. Pour toute question relative \u00e0 vos donn\u00e9es personnelles, vous pouvez nous contacter \u00e0 l\u2019adresse email suivante : bonjour@myceliumgmt.com<\/p><h3>2. Donn\u00e9es collect\u00e9es<\/h3><p>Nous collectons uniquement les donn\u00e9es strictement n\u00e9cessaires, notamment :<br \/>\u2013 Donn\u00e9es saisies via nos formulaires de contact (nom, pr\u00e9nom, soci\u00e9t\u00e9, budget, email, num\u00e9ro de t\u00e9l\u00e9phone, contenu du message),<br \/>\u2013 Donn\u00e9es li\u00e9es \u00e0 la navigation (cookies, adresse IP, logs techniques).<\/p><h3>3. Finalit\u00e9s et bases l\u00e9gales<\/h3><p>Les donn\u00e9es collect\u00e9es sont utilis\u00e9es pour :<br \/>\u2013 R\u00e9pondre \u00e0 vos demandes de contact (base l\u00e9gale : consentement),<br \/>\u2013 Assurer la fourniture et la gestion des services propos\u00e9s (base l\u00e9gale : contrat),<br \/>\u2013 R\u00e9aliser des analyses statistiques (base l\u00e9gale : int\u00e9r\u00eat l\u00e9gitime),<br \/>\u2013 Traitement des demandes d\u2019exercice de droits concernant les donn\u00e9es personnelles (base l\u00e9gale : loi)<\/p><h3>4. Destinataires des donn\u00e9es et sous-traitants et lieu<\/h3><p>Les donn\u00e9es sont destin\u00e9es uniquement aux \u00e9quipes internes de Mycelium ainsi qu\u2019a nos prestataires techniques (h\u00e9bergeur, maintenance) et autres prestataires\/sous-traitants : avocat, expert-comptable. Certains services tiers peuvent \u00e9galement collecter des donn\u00e9es (par exemple Google Analytics). Toutes les donn\u00e9es sont h\u00e9berg\u00e9es en France, sans transfert hors de l\u2019Union europ\u00e9enne.<\/p><p>Les donn\u00e9es trait\u00e9es en interne et aupr\u00e8s de nos partenaires sont h\u00e9berg\u00e9es en France. Certaines donn\u00e9es peuvent \u00eatre transf\u00e9r\u00e9es aux USA notamment concernant l\u2019utilisation des services Google analytics. Une d\u00e9cision d\u2019ad\u00e9quation a \u00e9t\u00e9 rendue le 10 juillet 2023 et la soci\u00e9t\u00e9 Google\u00ae fait partie des organisations reconnues comme assurant un niveau de protection ad\u00e9quat des donn\u00e9es personnelles dans le cadre du Data Privacy Framework Program.<\/p><h3>5. Dur\u00e9es de conservation<\/h3><p>Les donn\u00e9es sont conserv\u00e9es uniquement pour la dur\u00e9e n\u00e9cessaire aux finalit\u00e9s pour lesquelles elles ont \u00e9t\u00e9 collect\u00e9es, \u00e0 savoir :<br \/>\u2013 Donn\u00e9es de contact : dur\u00e9e du traitement de la demande puis archivage pendant 3 ans \u00e0 des fins de prospection commerciale,<br \/>\u2013 Donn\u00e9es li\u00e9es aux contrats : dur\u00e9e du contrat puis 5 ans conform\u00e9ment aux prescriptions l\u00e9gales,<br \/>\u2013 Cookies : dur\u00e9e maximale de 13 mois (d\u00e9cision de consentement)<br \/>\u2013 Informations collect\u00e9es par l\u2019interm\u00e9diaire des cookies : 25 mois \u00e0 compter de la derni\u00e8re visite.<br \/>\u2013 Traitement des demandes d\u2019exercice des droits concernant les donn\u00e9es personnelles : 5 ans \u00e0 compter de la demande.<\/p><h3>6. Droits des personnes<\/h3><p>Conform\u00e9ment au R\u00e8glement (UE) 2016\/679 dit RGPD et \u00e0 la loi Informatique et Libert\u00e9s, vous disposez des droits suivants :<br \/>\u2013 Droit d\u2019acc\u00e8s (article 15 RGPD),<br \/>\u2013 Droit de rectification (article 16 RGPD),<br \/>\u2013 Droit \u00e0 l\u2019effacement (article 17 RGPD),<br \/>\u2013 Droit \u00e0 la limitation du traitement (article 18 RGPD),<br \/>\u2013 Droit \u00e0 la portabilit\u00e9 (article 20 RGPD),<br \/>\u2013 Droit d\u2019opposition (article 21 RGPD),<br \/>\u2013 Droit de retirer votre consentement \u00e0 tout moment pour les traitements bas\u00e9s sur le consentement.<\/p><p>Vous pouvez exercer vos droits en nous \u00e9crivant \u00e0 : bonjour@myceliumgmt.com. En cas de difficult\u00e9, vous avez \u00e9galement le droit de saisir la CNIL (www.cnil.fr).<\/p><h3>7. Cookies et dur\u00e9es de conservation<\/h3><p>Notre site utilise des cookies pour assurer son bon fonctionnement et mesurer son audience. Lors de votre premi\u00e8re visite, un bandeau vous informe et vous permet de param\u00e9trer vos pr\u00e9f\u00e9rences. Nous utilisons la solution Pressidium Cookie Consent (CMP) conforme au RGPD, associ\u00e9e au Google Consent Mode V2. Aucun cookie non essentiel n\u2019est d\u00e9pos\u00e9 sans votre accord explicite.<\/p><h3>Types de cookies utilis\u00e9s :<\/h3><div>\u00a0<\/div><h4>A. Cookies strictement n\u00e9cessaires<\/h4><div>\u00a0<\/div><div class=\"pressidium-cookie-consent-cookies\"><table data-cookie-category=\"necessary\"><thead><tr><th>Name<\/th><th>Expiration<\/th><th>Description<\/th><\/tr><\/thead><tbody><tr><td data-column=\"name\">PHPSESSID<\/td><td data-column=\"expiration\">Session<\/td><td style=\"white-space: normal; overflow-wrap: anywhere;\" data-column=\"description\">Cookie g\u00e9n\u00e9r\u00e9 par des applications bas\u00e9es sur le langage PHP.<br \/>C\u2019est un identifiant g\u00e9n\u00e9rique utilis\u00e9 pour maintenir les variables de session des utilisateurs. Il est normalement constitu\u00e9 d\u2019un nombre al\u00e9atoire ; son usage peut \u00eatre sp\u00e9cifique au site, mais un exemple courant est le maintien de l\u2019\u00e9tat connect\u00e9 d\u2019un utilisateur entre plusieurs pages.<\/td><\/tr><\/tbody><\/table><\/div><h4>\u00a0<\/h4><h4>B. Cookies de performance et d\u2019analyse<\/h4><div>\u00a0<\/div><div class=\"pressidium-cookie-consent-cookies\"><table data-cookie-category=\"analytics\"><thead><tr><th>Name<\/th><th>Expiration<\/th><th>Description<\/th><\/tr><\/thead><tbody><tr><td data-column=\"name\">^_ga<\/td><td data-column=\"expiration\">13 mois<\/td><td style=\"white-space: normal; overflow-wrap: anywhere;\" data-column=\"description\">Ce nom de cookie est associ\u00e9 \u00e0 Google Universal Analytics, une \u00e9volution majeure du service d\u2019analyse le plus utilis\u00e9 de Google. Ce cookie sert \u00e0 distinguer les utilisateurs uniques en leur attribuant un identifiant g\u00e9n\u00e9r\u00e9 al\u00e9atoirement. Il est inclus dans chaque requ\u00eate de page sur le site et sert \u00e0 calculer des donn\u00e9es sur les visiteurs, les sessions et les campagnes pour les rapports d\u2019analyse du site.<\/td><\/tr><tr><td data-column=\"name\">^_hj<\/td><td data-column=\"expiration\">1 an<\/td><td style=\"white-space: normal; overflow-wrap: anywhere;\" data-column=\"description\">Hotjar est un outil d\u2019analyse comportementale qui aide \u00e0 comprendre comment les utilisateurs interagissent avec votre site. Les cookies Hotjar collectent des informations afin d\u2019am\u00e9liorer l\u2019exp\u00e9rience utilisateur en fournissant des analyses d\u00e9taill\u00e9es sur les comportements de navigation.<\/td><\/tr><tr><td data-column=\"name\">^sbjs<\/td><td data-column=\"expiration\">1 an<\/td><td style=\"white-space: normal; overflow-wrap: anywhere;\" data-column=\"description\">Sourcebuster est un outil d\u2019analyse de l\u2019origine des visiteurs, con\u00e7u pour suivre et identifier les sources de trafic vers votre site.<\/td><\/tr><tr><td data-column=\"name\">^_ga$<\/td><td data-column=\"expiration\">13 mois<\/td><td style=\"white-space: normal; overflow-wrap: anywhere;\" data-column=\"description\">Cookie identifiant Google Analytics.<\/td><\/tr><tr><td data-column=\"name\">^_ga_<\/td><td data-column=\"expiration\">30 minutes<\/td><td style=\"white-space: normal; overflow-wrap: anywhere;\" data-column=\"description\">Pr\u00e9fixe de cookie li\u00e9 aux sessions Google Analytics 4.<\/td><\/tr><tr><td data-column=\"name\">^_gid$<\/td><td data-column=\"expiration\">24 heures<\/td><td style=\"white-space: normal; overflow-wrap: anywhere;\" data-column=\"description\">Identifiant utilisateur \u00e0 court terme de Google Analytics.<\/td><\/tr><tr><td data-column=\"name\">^_gcl_au$<\/td><td data-column=\"expiration\">90 jours<\/td><td style=\"white-space: normal; overflow-wrap: anywhere;\" data-column=\"description\">Lien de conversion first-party Google Ads\/Analytics.<\/td><\/tr><tr><td data-column=\"name\">^_hjSessionUser_<\/td><td data-column=\"expiration\">1 an<\/td><td style=\"white-space: normal; overflow-wrap: anywhere;\" data-column=\"description\">Identifiant utilisateur persistant Hotjar.<\/td><\/tr><tr><td data-column=\"name\">^_hjSession_<\/td><td data-column=\"expiration\">30 minutes<\/td><td style=\"white-space: normal; overflow-wrap: anywhere;\" data-column=\"description\">Identifiant de session Hotjar.<\/td><\/tr><\/tbody><\/table><\/div><h4>\u00a0<\/h4><h4>C. Cookies de publicit\u00e9 et de ciblage<\/h4><div>\u00a0<\/div><div class=\"pressidium-cookie-consent-cookies\"><table data-cookie-category=\"targeting\"><thead><tr><th>Name<\/th><th>Expiration<\/th><th>Description<\/th><\/tr><\/thead><tbody><tr><td data-column=\"name\">^_fbp<\/td><td data-column=\"expiration\">3 mois<\/td><td style=\"white-space: normal; overflow-wrap: anywhere;\" data-column=\"description\">Utilis\u00e9 par Meta pour proposer une s\u00e9rie de produits publicitaires, tels que les ench\u00e8res en temps r\u00e9el provenant d\u2019annonceurs tiers.<\/td><\/tr><tr><td data-column=\"name\">^uuid<\/td><td data-column=\"expiration\">6 mois et 1 jour<\/td><td style=\"white-space: normal; overflow-wrap: anywhere;\" data-column=\"description\">Brevo collecte des informations sur la navigation et les pr\u00e9f\u00e9rences des utilisateurs sur le site. Ces informations peuvent \u00eatre utilis\u00e9es pour cibler \u00e9ventuellement des newsletters en fonction de ces donn\u00e9es.<\/td><\/tr><tr><td data-column=\"name\">^_fbp$<\/td><td data-column=\"expiration\">3 mois<\/td><td style=\"white-space: normal; overflow-wrap: anywhere;\" data-column=\"description\">Cookie publicitaire Meta (Facebook).<\/td><\/tr><tr><td data-column=\"name\">^_fbc$<\/td><td data-column=\"expiration\">3 mois<\/td><td style=\"white-space: normal; overflow-wrap: anywhere;\" data-column=\"description\">Cookie identifiant de clic Meta (Facebook).<\/td><\/tr><tr><td data-column=\"name\">^uuid$<\/td><td data-column=\"expiration\">6 mois<\/td><td style=\"white-space: normal; overflow-wrap: anywhere;\" data-column=\"description\">Cookie de suivi Brevo.<\/td><\/tr><\/tbody><\/table><\/div><h3>\u00a0<\/h3><h3>D. Cookies de fonctionnalit\u00e9 et de pr\u00e9f\u00e9rences<\/h3><div>\u00a0<\/div><div class=\"pressidium-cookie-consent-cookies\"><table data-cookie-category=\"preferences\"><thead><tr><th>Name<\/th><th>Expiration<\/th><th>Description<\/th><\/tr><\/thead><tbody><tr><td data-column=\"name\">pressidium_cookie_consent<\/td><td data-column=\"expiration\">1 an<\/td><td style=\"white-space: normal; overflow-wrap: anywhere;\" data-column=\"description\">Le cookie pressidium_cookie_consent est utilis\u00e9 pour enregistrer les pr\u00e9f\u00e9rences de consentement de l\u2019utilisateur concernant l\u2019utilisation des cookies sur le site web.<br \/>Ce cookie garantit que le site respecte les choix de l\u2019utilisateur et les r\u00e9glementations en mati\u00e8re de protection des donn\u00e9es. Les informations stock\u00e9es dans ce cookie incluent notamment les pr\u00e9f\u00e9rences exprim\u00e9es par l\u2019utilisateur.<\/td><\/tr><tr><td data-column=\"name\">NID<\/td><td data-column=\"expiration\">6 mois<\/td><td style=\"white-space: normal; overflow-wrap: anywhere;\" data-column=\"description\">Cookie de pr\u00e9f\u00e9rences Google (par ex. Google Maps).<\/td><\/tr><tr><td data-column=\"name\">AWSALBCORS<\/td><td data-column=\"expiration\">7 jours<\/td><td style=\"white-space: normal; overflow-wrap: anywhere;\" data-column=\"description\">Pour assurer une prise en charge persistante des cas d\u2019usage CORS apr\u00e8s la mise \u00e0 jour de Chromium, des cookies de persistance suppl\u00e9mentaires sont cr\u00e9\u00e9s pour chacune de ces fonctionnalit\u00e9s de persistance bas\u00e9es sur la dur\u00e9e, nomm\u00e9s AWSALBCORS (ALB).<\/td><\/tr><tr><td data-column=\"name\">AWSALB<\/td><td data-column=\"expiration\">7 jours<\/td><td style=\"white-space: normal; overflow-wrap: anywhere;\" data-column=\"description\">Cookie AWS Application Load Balancer utilis\u00e9 pour maintenir la persistance de session (Brevo Conversations).<\/td><\/tr><\/tbody><\/table><\/div><p>Les donn\u00e9es sont conserv\u00e9es uniquement pour la dur\u00e9e n\u00e9cessaire aux finalit\u00e9s pour lesquelles elles ont \u00e9t\u00e9 collect\u00e9es, \u00e0 savoir :<\/p><p>\u2013 Donn\u00e9es de contact : dur\u00e9e du traitement de la demande et 3 ans \u00e0 compter du dernier contact.<br \/>\u2013 Donn\u00e9es li\u00e9es aux contrats: dur\u00e9e du contrat puis 5 ans conform\u00e9ment aux prescriptions l\u00e9gales.<br \/>\u2013 Donn\u00e9es de commentaires : conserv\u00e9es pendant toute la dur\u00e9e de mise en ligne du commentaire et au maximum 3 ans apr\u00e8s leur publication, sauf suppression anticip\u00e9e \u00e0 la demande de l\u2019utilisateur.<br \/>\u2013 Cookies : dur\u00e9e maximale de 13 mois (d\u00e9cision de consentement).<br \/>\u2013 Informations collect\u00e9es par l\u2019interm\u00e9diaire des cookies : 25 mois \u00e0 compter de la derni\u00e8re visite.<br \/>\u2013 Traitement des demandes d\u2019exercice des droits concernant les donn\u00e9es personnelles\u00a0: 5 ans \u00e0 compter de la demande.<\/p><h4>Param\u00e9trage via les navigateurs et terminaux<\/h4><p>Vous pouvez configurer votre navigateur pour refuser ou accepter certains cookies. Les modalit\u00e9s de param\u00e9trage varient selon les navigateurs. Vous trouverez ci-dessous les pages d\u2019aide correspondantes :<\/p><p>\u2013 Google Chrome :\u00a0<a href=\"https:\/\/support.google.com\/chrome\/answer\/95647?hl=fr\">https:\/\/support.google.com\/chrome\/answer\/95647?hl=fr<\/a><br \/>\u2013 Mozilla Firefox :\u00a0<a href=\"https:\/\/support.mozilla.org\/fr\/kb\/activer-desactiver-cookies\">https:\/\/support.mozilla.org\/fr\/kb\/activer-desactiver-cookies<\/a><br \/>\u2013 Safari (Mac) :\u00a0<a href=\"https:\/\/support.apple.com\/fr-fr\/guide\/safari\/sfri11471\/mac\">https:\/\/support.apple.com\/fr-fr\/guide\/safari\/sfri11471\/mac<\/a><br \/>\u2013 Microsoft Edge :\u00a0<a href=\"https:\/\/support.microsoft.com\/fr-fr\/microsoft-edge\/supprimer-les-cookies-dans-microsoft-edge-63947406-40ac-c3b8-57b9-2a946a29ae09\">https:\/\/support.microsoft.com\/fr-fr\/microsoft-edge\/supprimer-les-cookies-dans-microsoft-edge-63947406-40ac-c3b8-57b9-2a946a29ae09<\/a><br \/>\u2013 Opera :\u00a0<a href=\"https:\/\/help.opera.com\/en\/latest\/web-preferences\/#cookies\">https:\/\/help.opera.com\/en\/latest\/web-preferences\/#cookies<\/a><\/p><h4>Pour les terminaux mobiles :<\/h4><p>\u2013 Android (Chrome) :\u00a0<a href=\"https:\/\/support.google.com\/chrome\/answer\/95647?hl=fr&amp;co=GENIE.Platform%3DAndroid\">https:\/\/support.google.com\/chrome\/answer\/95647?hl=fr&amp;co=GENIE.Platform%3DAndroid<\/a><br \/>\u2013 iOS Iphone (Safari) :\u00a0<a href=\"https:\/\/support.apple.com\/fr-fr\/guide\/iphone\/iphacc5f0202\/ios\">https:\/\/support.apple.com\/fr-fr\/guide\/iphone\/iphacc5f0202\/ios<\/a><br \/>\u2013 iOS Ipad (Safari) :\u00a0<a href=\"https:\/\/support.apple.com\/fr-fr\/guide\/ipad\/ipad0bb843d8\/ipados\">https:\/\/support.apple.com\/fr-fr\/guide\/ipad\/ipad0bb843d8\/ipados<\/a><\/p><p>Vous pouvez \u00e9galement g\u00e9rer vos pr\u00e9f\u00e9rences directement depuis les r\u00e9glages de votre appareil. Vous pouvez aussi \u00e0 tout moment modifier vos pr\u00e9f\u00e9rences en mati\u00e8re de cookies via le module accessible en bas de page. Le consentement donn\u00e9 pour les cookies est valable 12 mois maximum.<\/p><h3>8. S\u00e9curit\u00e9<\/h3><p>Nous mettons en \u0153uvre toutes les mesures techniques et organisationnelles appropri\u00e9es pour garantir la s\u00e9curit\u00e9 et la confidentialit\u00e9 de vos donn\u00e9es personnelles (contr\u00f4les d\u2019acc\u00e8s, h\u00e9bergement en France, sauvegardes s\u00e9curis\u00e9es).<\/p><h3>9. Contact RGPD<\/h3><p>Pour toute question relative \u00e0 la protection de vos donn\u00e9es personnelles ou pour exercer vos droits, vous pouvez contacter l\u2019Agence Mycelium par email \u00e0 l\u2019adresse : bonjour@myceliumgmt.com ou par courrier \u00e0 : 34 bis route de Launaguet \u2013 31200 Toulouse.<\/p>\t\t\t\t\t\t\t\t<\/div>\n\t\t\t\t<\/div>\n\t\t\t\t\t<\/div>\n\t\t\t\t<\/div>\n\t\t\t\t<\/div>","protected":false},"excerpt":{"rendered":"<p>POLITIQUE DE CONFIDENTIALIT\u00c9 \u00a0 Utilisation La pr\u00e9sente politique de confidentialit\u00e9 a pour objet d\u2019informer les utilisateurs du site www.myceliumgmt.com sur la mani\u00e8re dont leurs donn\u00e9es personnelles peuvent \u00eatre collect\u00e9es, trait\u00e9es et prot\u00e9g\u00e9es. Nous attachons une grande importance au respect de votre vie priv\u00e9e et \u00e0 la protection de vos donn\u00e9es. En utilisant notre site, vous [&hellip;]<\/p>","protected":false},"author":1,"featured_media":0,"parent":0,"menu_order":0,"comment_status":"closed","ping_status":"closed","template":"page-templates\/homepage.php","meta":{"footnotes":""},"class_list":["post-12211","page","type-page","status-publish","hentry"],"_links":{"self":[{"href":"https:\/\/myceliumgmt.com\/en\/wp-json\/wp\/v2\/pages\/12211","targetHints":{"allow":["GET"]}}],"collection":[{"href":"https:\/\/myceliumgmt.com\/en\/wp-json\/wp\/v2\/pages"}],"about":[{"href":"https:\/\/myceliumgmt.com\/en\/wp-json\/wp\/v2\/types\/page"}],"author":[{"embeddable":true,"href":"https:\/\/myceliumgmt.com\/en\/wp-json\/wp\/v2\/users\/1"}],"replies":[{"embeddable":true,"href":"https:\/\/myceliumgmt.com\/en\/wp-json\/wp\/v2\/comments?post=12211"}],"version-history":[{"count":37,"href":"https:\/\/myceliumgmt.com\/en\/wp-json\/wp\/v2\/pages\/12211\/revisions"}],"predecessor-version":[{"id":12496,"href":"https:\/\/myceliumgmt.com\/en\/wp-json\/wp\/v2\/pages\/12211\/revisions\/12496"}],"wp:attachment":[{"href":"https:\/\/myceliumgmt.com\/en\/wp-json\/wp\/v2\/media?parent=12211"}],"curies":[{"name":"wp","href":"https:\/\/api.w.org\/{rel}","templated":true}]}}