{"id":12144,"date":"2025-11-18T16:05:44","date_gmt":"2025-11-18T14:05:44","guid":{"rendered":"https:\/\/myceliumgmt.com\/?page_id=12144"},"modified":"2026-01-06T21:20:28","modified_gmt":"2026-01-06T19:20:28","slug":"mentions-legales","status":"publish","type":"page","link":"https:\/\/myceliumgmt.com\/en\/mentions-legales\/","title":{"rendered":"Mentions l\u00e9gales"},"content":{"rendered":"<div data-elementor-type=\"wp-page\" data-elementor-id=\"12144\" class=\"elementor elementor-12144\">\n\t\t\t\t<div class=\"elementor-element elementor-element-4d233982 e-flex e-con-boxed e-con e-parent\" data-id=\"4d233982\" data-element_type=\"container\" data-settings=\"{&quot;wcf_enable_cursor_hover_effect_text&quot;:&quot;View&quot;,&quot;wcf-animation&quot;:&quot;none&quot;}\">\n\t\t\t\t\t<div class=\"e-con-inner\">\n\t\t\t\t<div class=\"elementor-element elementor-element-6662abd wcf-t-animation-none elementor-widget elementor-widget-text-editor\" data-id=\"6662abd\" data-element_type=\"widget\" data-settings=\"{&quot;wcf_text_animation&quot;:&quot;none&quot;,&quot;wcf-animation&quot;:&quot;none&quot;}\" data-widget_type=\"text-editor.default\">\n\t\t\t\t<div class=\"elementor-widget-container\">\n\t\t\t\t\t\t\t\t\t<div class=\"elementor-element elementor-element-0d8c29f elementor-widget__width-inherit elementor-widget-mobile__width-initial elementor-widget elementor-widget-text-editor\" data-id=\"0d8c29f\" data-element_type=\"widget\" data-widget_type=\"text-editor.default\"><h2 style=\"text-align: center;\">MENTIONS L\u00c9GALES<\/h2><h3>\u00a0<\/h3><\/div><h3><b>Identification<\/b><\/h3><p>Le pr\u00e9sent site, accessible \u00e0 l\u2019adresse myceliumgmt.com, est \u00e9dit\u00e9 par l&#8217;EI Mycelium sous le num\u00e9ro Siret <span style=\"font-family: var( --e-global-typography-text-font-family ), Sans-serif; font-weight: var( --e-global-typography-text-font-weight ); text-align: var(--text-align);\">53024916800028<\/span>, dont le si\u00e8ge social est situ\u00e9 \u00e0 l\u2019adresse suivante : Mycelium<span style=\"text-align: var(--text-align);\"> 28<\/span><span style=\"text-align: var(--text-align);\"> rue Dupont <\/span><span style=\"text-align: var(--text-align);\">31500 Toulouse<\/span><\/p><h3><b>H\u00e9bergement<\/b><\/h3><p><span style=\"font-weight: 400;\">Ce site est h\u00e9berg\u00e9 par Hostinger, dont le si\u00e8ge social est situ\u00e9 \u00e0 :\u00a0<\/span><span style=\"text-align: var(--text-align);\">Hostinger International Ltd <\/span><span style=\"text-align: var(--text-align);\">61 Lordou Vironos Street,\u00a0<\/span><span style=\"text-align: var(--text-align);\">6023 Larnaca, Chypre. <\/span>L&#8217;h\u00e9bergeur est joignable via le lien suivant : https:\/\/www.hostinger.fr\/contact<\/p><h3><b>Contact<\/b><\/h3><p><span style=\"font-weight: 400;\">Pour toute question ou demande d&#8217;information concernant ce site, vous pouvez nous contacter par e-mail \u00e0 : bonjour@myceliumgmt.com.<\/span><\/p><h3><b>Propri\u00e9t\u00e9 intellectuelle<\/b><\/h3><p><span style=\"font-weight: 400;\">La structure g\u00e9n\u00e9rale du Site Internet, ainsi que les textes, graphiques, sont la propri\u00e9t\u00e9 de Mycelium. Toute repr\u00e9sentation et\/ou reproduction et\/ou exploitation partielle ou totale de ce site sans l\u2019autorisation pr\u00e9alable et par \u00e9crit \u00e0 Mycelium est strictement interdite et serait susceptible de constituer une contrefa\u00e7on au sens des articles L 335-2 et suivants du Code de la propri\u00e9t\u00e9 intellectuelle.<\/span><\/p><p><span style=\"font-weight: 400;\">Mycelium ne saurait garantir l\u2019exactitude, la compl\u00e9tude, l\u2019actualit\u00e9 des informations diffus\u00e9es sur le Site Internet. Ces informations peuvent \u00eatre p\u00e9riodiquement modifi\u00e9es et les modifications seront incorpor\u00e9es dans les nouvelles \u00e9ditions. Mycelium peut, \u00e0 tout moment, sans pr\u00e9avis, apporter des am\u00e9liorations ou des changements aux informations, aux services d\u00e9crits sur ce site Internet.<\/span><\/p><h3><b>Protection des donn\u00e9es<\/b><\/h3><p><span style=\"font-weight: 400;\">Mycelium recueille des renseignements personnels d\u2019identification lorsque vous utilisez le formulaire de contact. Ces renseignements re\u00e7us par email lui permettent de traiter vos demandes et ne sont pas utilis\u00e9s autrement. En conformit\u00e9 avec l\u2019article 3 de la loi \u00ab Informatique et Libert\u00e9s \u00bb du 6 Janvier 1978, vous disposez d\u2019un droit d\u2019acc\u00e8s, de modification, de rectification et de suppression des donn\u00e9es personnelles qui vous concernent. Vous pouvez exercer ce droit par simple demande par email ou par courrier.<\/span><\/p><h3><b>Liens Hypertexte<\/b><\/h3><p><span style=\"font-weight: 400;\">Mycelium n\u2019est pas responsable des liens hypertextes pointant vers le pr\u00e9sent Site Internet. Les liens hypertextes \u00e9tablis en direction d\u2019autres sites \u00e0 partir du Site Internet ne sauraient, en aucun cas, engager la responsabilit\u00e9 de Mycelium notamment mais de mani\u00e8re non exclusive quant au contenu de ces sites.<\/span><\/p><h3><b>Cookies<\/b><\/h3><p><span style=\"font-weight: 400;\">Afin de disposer d\u2019informations sur la mani\u00e8re dont les internautes utilisent le Site Internet, la solution statistique Hotjar est utilis\u00e9e. Pour fonctionner, cette solution positionne des cookies et collecte des informations qui seront ensuite stocker sur leurs serveurs. Certains cookies sont permanents et permettent une identification du visiteur sur le site lors d\u2019une visite ult\u00e9rieure, d\u2019autres expirent entre 15 et 30 jours. <\/span><span style=\"font-weight: 400;\">Vous pouvez facilement vous soustraire aux cookies en modifiant les propri\u00e9t\u00e9s de votre navigateur ou en utilisant la navigation priv\u00e9e. Vous pouvez \u00e9galement les effacer.<\/span><\/p><h3><b>Droit applicable<\/b><\/h3><p><span style=\"font-weight: 400;\">Le pr\u00e9sent Site Internet est exclusivement r\u00e9gi par le droit fran\u00e7ais et par les conventions internationales applicables en France.<\/span><\/p>\t\t\t\t\t\t\t\t<\/div>\n\t\t\t\t<\/div>\n\t\t\t\t\t<\/div>\n\t\t\t\t<\/div>\n\t\t\t\t<\/div>","protected":false},"excerpt":{"rendered":"<p>MENTIONS L\u00c9GALES \u00a0 Identification Le pr\u00e9sent site, accessible \u00e0 l\u2019adresse myceliumgmt.com, est \u00e9dit\u00e9 par l&#8217;EI Mycelium sous le num\u00e9ro Siret 53024916800028, dont le si\u00e8ge social est situ\u00e9 \u00e0 l\u2019adresse suivante : Mycelium 28 rue Dupont 31500 Toulouse H\u00e9bergement Ce site est h\u00e9berg\u00e9 par Hostinger, dont le si\u00e8ge social est situ\u00e9 \u00e0 :\u00a0Hostinger International Ltd 61 [&hellip;]<\/p>","protected":false},"author":1,"featured_media":0,"parent":0,"menu_order":0,"comment_status":"closed","ping_status":"closed","template":"page-templates\/homepage.php","meta":{"footnotes":""},"class_list":["post-12144","page","type-page","status-publish","hentry"],"_links":{"self":[{"href":"https:\/\/myceliumgmt.com\/en\/wp-json\/wp\/v2\/pages\/12144","targetHints":{"allow":["GET"]}}],"collection":[{"href":"https:\/\/myceliumgmt.com\/en\/wp-json\/wp\/v2\/pages"}],"about":[{"href":"https:\/\/myceliumgmt.com\/en\/wp-json\/wp\/v2\/types\/page"}],"author":[{"embeddable":true,"href":"https:\/\/myceliumgmt.com\/en\/wp-json\/wp\/v2\/users\/1"}],"replies":[{"embeddable":true,"href":"https:\/\/myceliumgmt.com\/en\/wp-json\/wp\/v2\/comments?post=12144"}],"version-history":[{"count":70,"href":"https:\/\/myceliumgmt.com\/en\/wp-json\/wp\/v2\/pages\/12144\/revisions"}],"predecessor-version":[{"id":12493,"href":"https:\/\/myceliumgmt.com\/en\/wp-json\/wp\/v2\/pages\/12144\/revisions\/12493"}],"wp:attachment":[{"href":"https:\/\/myceliumgmt.com\/en\/wp-json\/wp\/v2\/media?parent=12144"}],"curies":[{"name":"wp","href":"https:\/\/api.w.org\/{rel}","templated":true}]}}