{"id":12131,"date":"2025-11-11T22:16:29","date_gmt":"2025-11-11T20:16:29","guid":{"rendered":"https:\/\/myceliumgmt.com\/?page_id=12131"},"modified":"2025-12-10T11:35:45","modified_gmt":"2025-12-10T09:35:45","slug":"a-propos","status":"publish","type":"page","link":"https:\/\/myceliumgmt.com\/en\/a-propos\/","title":{"rendered":"A Propos"},"content":{"rendered":"<div data-elementor-type=\"wp-page\" data-elementor-id=\"12131\" class=\"elementor elementor-12131\">\n\t\t\t\t<div class=\"elementor-element elementor-element-db600be e-con-full e-flex e-con e-parent\" data-id=\"db600be\" data-element_type=\"container\" data-settings=\"{&quot;wcf_enable_cursor_hover_effect_text&quot;:&quot;View&quot;,&quot;background_background&quot;:&quot;classic&quot;,&quot;wcf-animation&quot;:&quot;none&quot;}\">\n\t\t<div class=\"elementor-element elementor-element-9d4bc7d e-flex e-con-boxed e-con e-child\" data-id=\"9d4bc7d\" data-element_type=\"container\" data-settings=\"{&quot;wcf_enable_cursor_hover_effect_text&quot;:&quot;View&quot;,&quot;wcf-animation&quot;:&quot;none&quot;}\">\n\t\t\t\t\t<div class=\"e-con-inner\">\n\t\t<div class=\"elementor-element elementor-element-7d8ef67 e-con-full e-flex e-con e-child\" data-id=\"7d8ef67\" data-element_type=\"container\" data-settings=\"{&quot;wcf_enable_cursor_hover_effect_text&quot;:&quot;View&quot;,&quot;wcf-animation&quot;:&quot;none&quot;}\">\n\t\t<div class=\"elementor-element elementor-element-37b16da e-con-full e-flex e-con e-child\" data-id=\"37b16da\" data-element_type=\"container\" data-settings=\"{&quot;wcf_enable_cursor_hover_effect_text&quot;:&quot;View&quot;,&quot;wcf-animation&quot;:&quot;none&quot;}\">\n\t\t\t\t<div class=\"elementor-element elementor-element-03f4149 wcf-t-animation-text_move elementor-widget elementor-widget-wcf--title\" data-id=\"03f4149\" data-element_type=\"widget\" data-settings=\"{&quot;text_transform_origin&quot;:&quot;top center -50&quot;,&quot;wcf_text_animation&quot;:&quot;text_move&quot;,&quot;text_duration&quot;:0.75,&quot;text_delay&quot;:0.15,&quot;text_stagger&quot;:0.02,&quot;text_on_scroll&quot;:&quot;yes&quot;,&quot;text_rotation_di&quot;:&quot;x&quot;,&quot;text_rotation&quot;:&quot;-80&quot;,&quot;wcf-animation&quot;:&quot;none&quot;}\" data-widget_type=\"wcf--title.default\">\n\t\t\t\t<div class=\"elementor-widget-container\">\n\t\t\t\t\t<h1 class=\"wcf--title\">\nAbout Mycelium<\/h1>\t\t\t\t<\/div>\n\t\t\t\t<\/div>\n\t\t<div class=\"elementor-element elementor-element-01aba06 e-con-full e-flex e-con e-child\" data-id=\"01aba06\" data-element_type=\"container\" data-settings=\"{&quot;wcf_enable_cursor_hover_effect_text&quot;:&quot;View&quot;,&quot;wcf-animation&quot;:&quot;none&quot;}\">\n\t\t\t\t<div class=\"elementor-element elementor-element-86311d0 elementor-widget__width-initial elementor-widget-tablet__width-inherit elementor-widget-mobile_extra__width-initial elementor-hidden-widescreen elementor-hidden-desktop elementor-hidden-laptop elementor-hidden-tablet_extra elementor-hidden-tablet elementor-hidden-mobile_extra elementor-hidden-mobile wcf-t-animation-none elementor-widget elementor-widget-text-editor\" data-id=\"86311d0\" data-element_type=\"widget\" data-settings=\"{&quot;wcf-animation&quot;:&quot;fade&quot;,&quot;delay&quot;:0.75,&quot;data-duration&quot;:0.75,&quot;fade-offset&quot;:40,&quot;wcf_text_animation&quot;:&quot;none&quot;,&quot;aae_method&quot;:&quot;from&quot;,&quot;aae_trigger&quot;:&quot;on_scroll&quot;,&quot;fade-from&quot;:&quot;bottom&quot;,&quot;ease&quot;:&quot;power2.out&quot;}\" data-widget_type=\"text-editor.default\">\n\t\t\t\t<div class=\"elementor-widget-container\">\n\t\t\t\t\t\t\t\t\t<p>Qui se cache derri\u00e8re ?<\/p>\t\t\t\t\t\t\t\t<\/div>\n\t\t\t\t<\/div>\n\t\t\t\t<\/div>\n\t\t\t\t<\/div>\n\t\t<div class=\"elementor-element elementor-element-3b70d57 e-con-full e-flex e-con e-child\" data-id=\"3b70d57\" data-element_type=\"container\" data-settings=\"{&quot;wcf_enable_cursor_hover_effect_text&quot;:&quot;View&quot;,&quot;wcf-animation&quot;:&quot;none&quot;}\">\n\t\t\t\t<div class=\"elementor-element elementor-element-f218789 elementor-view-default elementor-widget elementor-widget-icon\" data-id=\"f218789\" data-element_type=\"widget\" data-settings=\"{&quot;wcf-animation&quot;:&quot;fade&quot;,&quot;delay&quot;:0.75,&quot;data-duration&quot;:0.75,&quot;fade-offset&quot;:40,&quot;aae_method&quot;:&quot;from&quot;,&quot;aae_trigger&quot;:&quot;on_scroll&quot;,&quot;fade-from&quot;:&quot;bottom&quot;,&quot;ease&quot;:&quot;power2.out&quot;}\" data-widget_type=\"icon.default\">\n\t\t\t\t<div class=\"elementor-widget-container\">\n\t\t\t\t\t\t\t<div class=\"elementor-icon-wrapper\">\n\t\t\t<div class=\"elementor-icon\">\n\t\t\t<svg xmlns=\"http:\/\/www.w3.org\/2000\/svg\" width=\"135\" height=\"135\" viewbox=\"0 0 135 135\" fill=\"none\"><g id=\"Arrow\"><path id=\"Vector 2\" d=\"M68 4V131M68 131L123 76M68 131L13 76\" stroke=\"#DFDFDF\" stroke-width=\"5\" stroke-linecap=\"round\" stroke-linejoin=\"round\"><\/path><\/g><\/svg>\t\t\t<\/div>\n\t\t<\/div>\n\t\t\t\t\t\t<\/div>\n\t\t\t\t<\/div>\n\t\t\t\t<\/div>\n\t\t\t\t<\/div>\n\t\t\t\t\t<\/div>\n\t\t\t\t<\/div>\n\t\t\t\t<\/div>\n\t\t<div class=\"elementor-element elementor-element-b234eba e-flex e-con-boxed e-con e-parent\" data-id=\"b234eba\" data-element_type=\"container\" data-settings=\"{&quot;wcf_enable_cursor_hover_effect_text&quot;:&quot;View&quot;,&quot;wcf-animation&quot;:&quot;none&quot;}\">\n\t\t\t\t\t<div class=\"e-con-inner\">\n\t\t<div class=\"elementor-element elementor-element-f0585ce e-con-full e-flex e-con e-child\" data-id=\"f0585ce\" data-element_type=\"container\" data-settings=\"{&quot;wcf_enable_cursor_hover_effect_text&quot;:&quot;View&quot;,&quot;wcf-animation&quot;:&quot;none&quot;}\">\n\t\t\t\t<div class=\"elementor-element elementor-element-ed14bf5 wcf-t-animation-word elementor-widget elementor-widget-wcf--title\" data-id=\"ed14bf5\" data-element_type=\"widget\" data-settings=\"{&quot;wcf_text_animation&quot;:&quot;word&quot;,&quot;text_duration&quot;:0.75,&quot;text_delay&quot;:0.15,&quot;text_stagger&quot;:0.02,&quot;text_on_scroll&quot;:&quot;yes&quot;,&quot;text_translate_x&quot;:20,&quot;text_translate_y&quot;:0,&quot;wcf-animation&quot;:&quot;none&quot;}\" data-widget_type=\"wcf--title.default\">\n\t\t\t\t<div class=\"elementor-widget-container\">\n\t\t\t\t\t<h2 class=\"wcf--title\">S\u00e9bastien Bollet<\/h2>\t\t\t\t<\/div>\n\t\t\t\t<\/div>\n\t\t<div class=\"elementor-element elementor-element-eaed13e e-con-full e-flex e-con e-child\" data-id=\"eaed13e\" data-element_type=\"container\" data-settings=\"{&quot;wcf_enable_cursor_hover_effect_text&quot;:&quot;View&quot;,&quot;wcf-animation&quot;:&quot;none&quot;}\">\n\t\t\t\t<div class=\"elementor-element elementor-element-937dc72 elementor-widget elementor-widget-wcf--button\" data-id=\"937dc72\" data-element_type=\"widget\" data-settings=\"{&quot;wcf-animation&quot;:&quot;fade&quot;,&quot;delay&quot;:0.3,&quot;fade-from&quot;:&quot;left&quot;,&quot;data-duration&quot;:0.75,&quot;fade-offset&quot;:30,&quot;aae_method&quot;:&quot;from&quot;,&quot;aae_trigger&quot;:&quot;on_scroll&quot;,&quot;ease&quot;:&quot;power2.out&quot;}\" data-widget_type=\"wcf--button.default\">\n\t\t\t\t<div class=\"elementor-widget-container\">\n\t\t\t\t\t\t\t<div class=\"wcf__btn\">\r\n\t\t\t\t\t\t\t<a role=\"button\" class=\"wcf-btn-default btn-hover-none\">\r\n\t\t\t\t\t\t\t\t\t\tDirector of Marketing &amp; Communications\t\t\t\t<\/a>\r\n\t\t\t\t\t\t<\/div>\r\n\t\t\t\t\t\t<\/div>\n\t\t\t\t<\/div>\n\t\t\t\t<div class=\"elementor-element elementor-element-df60cc8 elementor-view-framed elementor-shape-circle elementor-widget elementor-widget-icon\" data-id=\"df60cc8\" data-element_type=\"widget\" data-settings=\"{&quot;wcf-animation&quot;:&quot;fade&quot;,&quot;delay&quot;:0.6,&quot;fade-from&quot;:&quot;left&quot;,&quot;data-duration&quot;:0.75,&quot;fade-offset&quot;:40,&quot;aae_method&quot;:&quot;from&quot;,&quot;aae_trigger&quot;:&quot;on_scroll&quot;,&quot;ease&quot;:&quot;power2.out&quot;}\" data-widget_type=\"icon.default\">\n\t\t\t\t<div class=\"elementor-widget-container\">\n\t\t\t\t\t\t\t<div class=\"elementor-icon-wrapper\">\n\t\t\t<a class=\"elementor-icon\" href=\"https:\/\/www.linkedin.com\/in\/s-bollet\/\">\n\t\t\t<i aria-hidden=\"true\" class=\"helo-theme wcftheme-wcf-icon icon-wcf-linkdin\"><\/i>\t\t\t<\/a>\n\t\t<\/div>\n\t\t\t\t\t\t<\/div>\n\t\t\t\t<\/div>\n\t\t\t\t<\/div>\n\t\t\t\t<div class=\"elementor-element elementor-element-5ceb051 elementor-widget__width-initial wcf-t-animation-none elementor-widget elementor-widget-wcf--text\" data-id=\"5ceb051\" data-element_type=\"widget\" data-settings=\"{&quot;wcf-animation&quot;:&quot;fade&quot;,&quot;delay&quot;:0.9,&quot;data-duration&quot;:0.75,&quot;fade-offset&quot;:40,&quot;wcf_text_animation&quot;:&quot;none&quot;,&quot;aae_method&quot;:&quot;from&quot;,&quot;aae_trigger&quot;:&quot;on_scroll&quot;,&quot;fade-from&quot;:&quot;bottom&quot;,&quot;ease&quot;:&quot;power2.out&quot;}\" data-widget_type=\"wcf--text.default\">\n\t\t\t\t<div class=\"elementor-widget-container\">\n\t\t\t\t\t<div class=\"wcf--text\"><span style=\"font-weight: bold\">With over 15 years of experience in communication, digital marketing, and project management<\/span>, I help brands, artists, producers, and companies boost their visibility, sharpen their online strategy, and accelerate their growth.\n\n<br><br>\nThroughout my career, I\u2019ve led high-impact campaigns for major players in culture, live entertainment, and the broader creative industries. From record labels to agencies to innovative programs blending music and social engagement, I\u2019ve built a comprehensive expertise that covers every stage of the digital ecosystem.\n<br><br>\nToday, I put this experience to work for clients seeking strategic guidance, hands-on support, and measurable results. My mission: turning digital challenges into real growth opportunities.<br><br>\n\n<span style=\"font-weight: bold\">What sets me apart:<br><br><\/span>\n\n\ud83e\udded <span style=\"font-weight: bold\">A 360\u00b0 perspective on digital marketing<\/span>\u2014from strategy to execution,<br>\n\ud83c\udfaf <span style=\"font-weight: bold\">Deep knowledge<\/span> of the cultural and entertainment industries,<br>\n\u2705 <span style=\"font-weight: bold\">A proven track record<\/span> managing complex, multi-stakeholder projects,<br>\n\ud83d\udcca <span style=\"font-weight: bold\">A data-driven approach<\/span> focused on performance and impact,<br>\n\ud83c\udf0d <span style=\"font-weight: bold\">International experience<\/span>, shaped by diverse, multicultural collaborations.<br><br>\n\n<span style=\"font-weight: bold\">My philosophy:<\/span><br><br>\n\nTreating every project as a custom-built partnership designed to create value. In collaboration with trusted partners who are experts in their field, I help my clients turn their digital presence into a powerful engine for growth, with transparency, creativity, and efficiency.<\/div>\t\t\t\t<\/div>\n\t\t\t\t<\/div>\n\t\t\t\t<\/div>\n\t\t<div class=\"elementor-element elementor-element-a801b9b e-con-full e-flex e-con e-child\" data-id=\"a801b9b\" data-element_type=\"container\" data-settings=\"{&quot;wcf_enable_cursor_hover_effect_text&quot;:&quot;View&quot;,&quot;wcf-animation&quot;:&quot;none&quot;}\">\n\t\t\t\t<div class=\"elementor-element elementor-element-a9e84d6 elementor-widget elementor-widget-wcf--image\" data-id=\"a9e84d6\" data-element_type=\"widget\" data-settings=\"{&quot;wcf-animation&quot;:&quot;fade&quot;,&quot;delay&quot;:0.3,&quot;data-duration&quot;:0.75,&quot;fade-offset&quot;:40,&quot;wcf-image-animation&quot;:&quot;none&quot;,&quot;aae_method&quot;:&quot;from&quot;,&quot;aae_trigger&quot;:&quot;on_scroll&quot;,&quot;fade-from&quot;:&quot;bottom&quot;,&quot;ease&quot;:&quot;power2.out&quot;}\" data-widget_type=\"wcf--image.default\">\n\t\t\t\t<div class=\"elementor-widget-container\">\n\t\t\t\t\t\t\t<div class=\"wcf--image\">\r\n\t\t\t\t\t\t\t<img fetchpriority=\"high\" decoding=\"async\" width=\"422\" height=\"431\" src=\"https:\/\/myceliumgmt.com\/wp-content\/uploads\/2025\/09\/Bollet.webp\" class=\"attachment-full size-full wp-image-11757\" alt=\"\" srcset=\"https:\/\/myceliumgmt.com\/wp-content\/uploads\/2025\/09\/Bollet.webp 422w, https:\/\/myceliumgmt.com\/wp-content\/uploads\/2025\/09\/Bollet-294x300.webp 294w\" sizes=\"(max-width: 422px) 100vw, 422px\" \/>\t\t\t\t\t\t<\/div>\r\n\t\t\t\t\t\t<\/div>\n\t\t\t\t<\/div>\n\t\t\t\t<\/div>\n\t\t\t\t\t<\/div>\n\t\t\t\t<\/div>\n\t\t<div class=\"elementor-element elementor-element-94c85a9 elementor-hidden-widescreen elementor-hidden-desktop elementor-hidden-laptop elementor-hidden-tablet_extra elementor-hidden-tablet elementor-hidden-mobile_extra elementor-hidden-mobile e-flex e-con-boxed e-con e-parent\" data-id=\"94c85a9\" data-element_type=\"container\" data-settings=\"{&quot;wcf_enable_cursor_hover_effect_text&quot;:&quot;View&quot;,&quot;wcf-animation&quot;:&quot;none&quot;}\">\n\t\t\t\t\t<div class=\"e-con-inner\">\n\t\t<div class=\"elementor-element elementor-element-4c2ae1b e-con-full e-flex e-con e-child\" data-id=\"4c2ae1b\" data-element_type=\"container\" data-settings=\"{&quot;wcf_enable_cursor_hover_effect_text&quot;:&quot;View&quot;,&quot;wcf-animation&quot;:&quot;none&quot;}\">\n\t\t<div class=\"elementor-element elementor-element-ca09c62 e-con-full e-flex e-con e-child\" data-id=\"ca09c62\" data-element_type=\"container\" data-settings=\"{&quot;wcf_enable_cursor_hover_effect_text&quot;:&quot;View&quot;,&quot;wcf-animation&quot;:&quot;none&quot;}\">\n\t\t\t\t<div class=\"elementor-element elementor-element-76ec3de elementor-widget-mobile_extra__width-initial wcf-t-animation-word elementor-widget elementor-widget-wcf--title\" data-id=\"76ec3de\" data-element_type=\"widget\" data-settings=\"{&quot;wcf_text_animation&quot;:&quot;word&quot;,&quot;text_duration&quot;:0.75,&quot;text_delay&quot;:0.15,&quot;text_stagger&quot;:0.02,&quot;text_on_scroll&quot;:&quot;yes&quot;,&quot;text_translate_x&quot;:20,&quot;text_translate_y&quot;:0,&quot;wcf-animation&quot;:&quot;none&quot;}\" data-widget_type=\"wcf--title.default\">\n\t\t\t\t<div class=\"elementor-widget-container\">\n\t\t\t\t\t<h2 class=\"wcf--title\">Building agency\u2019s\nreal life values.<\/h2>\t\t\t\t<\/div>\n\t\t\t\t<\/div>\n\t\t\t\t<\/div>\n\t\t<div class=\"elementor-element elementor-element-c8b980e e-con-full e-flex e-con e-child\" data-id=\"c8b980e\" data-element_type=\"container\" data-settings=\"{&quot;wcf_enable_cursor_hover_effect_text&quot;:&quot;View&quot;,&quot;wcf-animation&quot;:&quot;none&quot;}\">\n\t\t\t\t<div class=\"elementor-element elementor-element-8ef16a6 elementor-widget__width-initial wcf-t-animation-none elementor-widget elementor-widget-wcf--text\" data-id=\"8ef16a6\" data-element_type=\"widget\" data-settings=\"{&quot;wcf-animation&quot;:&quot;fade&quot;,&quot;data-duration&quot;:0.75,&quot;fade-offset&quot;:40,&quot;wcf_text_animation&quot;:&quot;none&quot;,&quot;aae_method&quot;:&quot;from&quot;,&quot;aae_trigger&quot;:&quot;on_scroll&quot;,&quot;delay&quot;:0.15,&quot;fade-from&quot;:&quot;bottom&quot;,&quot;ease&quot;:&quot;power2.out&quot;}\" data-widget_type=\"wcf--text.default\">\n\t\t\t\t<div class=\"elementor-widget-container\">\n\t\t\t\t\t<div class=\"wcf--text\">Having these marketplace to your branded skilled team of designers and developers\n<\/div>\t\t\t\t<\/div>\n\t\t\t\t<\/div>\n\t\t\t\t<\/div>\n\t\t\t\t<\/div>\n\t\t<div class=\"elementor-element elementor-element-7be4aa7 e-con-full e-flex e-con e-child\" data-id=\"7be4aa7\" data-element_type=\"container\" data-settings=\"{&quot;wcf_enable_cursor_hover_effect_text&quot;:&quot;View&quot;,&quot;wcf-animation&quot;:&quot;none&quot;}\">\n\t\t<div class=\"elementor-element elementor-element-11ed67c e-con-full e-flex e-con e-child\" data-id=\"11ed67c\" data-element_type=\"container\" data-settings=\"{&quot;wcf_enable_cursor_hover_effect_text&quot;:&quot;View&quot;,&quot;wcf-animation&quot;:&quot;fade&quot;,&quot;data-duration&quot;:0.75,&quot;fade-offset&quot;:40,&quot;aae_method&quot;:&quot;from&quot;,&quot;aae_trigger&quot;:&quot;on_scroll&quot;,&quot;delay&quot;:0.15,&quot;fade-from&quot;:&quot;bottom&quot;,&quot;ease&quot;:&quot;power2.out&quot;}\">\n\t\t\t\t<div class=\"elementor-element elementor-element-5314c67 elementor-widget__width-initial elementor-widget elementor-widget-wcf--icon-box\" data-id=\"5314c67\" data-element_type=\"widget\" data-settings=\"{&quot;wcf-animation&quot;:&quot;none&quot;}\" data-widget_type=\"wcf--icon-box.default\">\n\t\t\t\t<div class=\"elementor-widget-container\">\n\t\t\t\t\t\t\t<div class=\"wcf__iconbox style-\" >\r\n\r\n\t\t\r\n\t\t<div class=\"elementor-icon icon\">\r\n\t\t\t<svg xmlns=\"http:\/\/www.w3.org\/2000\/svg\" width=\"66\" height=\"66\" viewbox=\"0 0 66 66\" fill=\"none\"><path fill-rule=\"evenodd\" clip-rule=\"evenodd\" d=\"M34.0979 0C34.0979 17.6195 48.3829 31.903 66.0024 31.903C66.0024 14.2834 51.7174 0 34.0979 0ZM0.00195312 34.0963C17.6215 34.0963 31.9065 48.3798 31.9065 65.9993H0.00195312V34.0963ZM66.0024 34.0963C48.3829 34.0963 34.0979 48.3798 34.0979 65.9993H66.0024V34.0963ZM31.9065 0C31.9065 17.6195 17.6215 31.903 0.00195348 31.903C0.00195348 14.2835 14.287 0 31.9065 0Z\" fill=\"#121212\"><\/path><path fill-rule=\"evenodd\" clip-rule=\"evenodd\" d=\"M66.0022 34.0977C48.3827 34.0977 34.0977 48.3811 34.0977 66.0006H66.0022V34.0977Z\" fill=\"#FF8B49\"><\/path><\/svg>\t\t<\/div>\r\n\r\n\t\t\t\t\t<h3 class=\"title\">\r\n\t\t\tInnovation\t\t\t<\/h3>\r\n\t\t\r\n\t\t\t\t\t<div class=\"desc\">\r\n                Having these marketplace to your branded skilled team of designers and developers who reputation which is perfection.\n\t\t\t<\/div>\r\n\t\t\r\n\t\t\r\n\t\t<\/div>\r\n\t\t\t\t\t\t<\/div>\n\t\t\t\t<\/div>\n\t\t\t\t<\/div>\n\t\t<div class=\"elementor-element elementor-element-f6068f6 e-con-full e-flex e-con e-child\" data-id=\"f6068f6\" data-element_type=\"container\" data-settings=\"{&quot;wcf_enable_cursor_hover_effect_text&quot;:&quot;View&quot;,&quot;wcf-animation&quot;:&quot;fade&quot;,&quot;delay&quot;:0.3,&quot;data-duration&quot;:0.75,&quot;fade-offset&quot;:40,&quot;aae_method&quot;:&quot;from&quot;,&quot;aae_trigger&quot;:&quot;on_scroll&quot;,&quot;fade-from&quot;:&quot;bottom&quot;,&quot;ease&quot;:&quot;power2.out&quot;}\">\n\t\t\t\t<div class=\"elementor-element elementor-element-d03950e elementor-widget__width-initial elementor-widget elementor-widget-wcf--icon-box\" data-id=\"d03950e\" data-element_type=\"widget\" data-settings=\"{&quot;wcf-animation&quot;:&quot;none&quot;}\" data-widget_type=\"wcf--icon-box.default\">\n\t\t\t\t<div class=\"elementor-widget-container\">\n\t\t\t\t\t\t\t<div class=\"wcf__iconbox style-\" >\r\n\r\n\t\t\r\n\t\t<div class=\"elementor-icon icon\">\r\n\t\t\t<svg xmlns=\"http:\/\/www.w3.org\/2000\/svg\" width=\"66\" height=\"66\" viewbox=\"0 0 66 66\" fill=\"none\"><path fill-rule=\"evenodd\" clip-rule=\"evenodd\" d=\"M18.2769 2.88495e-06H0V18.2769V66H18.2769V18.2769L66 18.2769V0L18.2769 2.88495e-06ZM48.7385 66V47.7231H66V66H48.7385ZM48.7385 47.7231H35.5385V34.5231H48.7385V47.7231Z\" fill=\"#121212\"><\/path><path fill-rule=\"evenodd\" clip-rule=\"evenodd\" d=\"M48.7391 66.0004V47.7234H66.0006V66.0004H48.7391ZM48.7391 47.7234H35.5391V34.5234H48.7391V47.7234Z\" fill=\"#FF8B49\"><\/path><\/svg>\t\t<\/div>\r\n\r\n\t\t\t\t\t<h3 class=\"title\">\r\n\t\t\tCollaboration \t\t\t<\/h3>\r\n\t\t\r\n\t\t\t\t\t<div class=\"desc\">\r\n                Having these marketplace to your branded skilled team of designers and developers who reputation which is perfection.\n\t\t\t<\/div>\r\n\t\t\r\n\t\t\r\n\t\t<\/div>\r\n\t\t\t\t\t\t<\/div>\n\t\t\t\t<\/div>\n\t\t\t\t<\/div>\n\t\t<div class=\"elementor-element elementor-element-0b3cc85 e-con-full e-flex e-con e-child\" data-id=\"0b3cc85\" data-element_type=\"container\" data-settings=\"{&quot;wcf_enable_cursor_hover_effect_text&quot;:&quot;View&quot;,&quot;wcf-animation&quot;:&quot;fade&quot;,&quot;delay&quot;:0.45,&quot;data-duration&quot;:0.75,&quot;fade-offset&quot;:40,&quot;aae_method&quot;:&quot;from&quot;,&quot;aae_trigger&quot;:&quot;on_scroll&quot;,&quot;fade-from&quot;:&quot;bottom&quot;,&quot;ease&quot;:&quot;power2.out&quot;}\">\n\t\t\t\t<div class=\"elementor-element elementor-element-119daf9 elementor-widget__width-initial elementor-widget elementor-widget-wcf--icon-box\" data-id=\"119daf9\" data-element_type=\"widget\" data-settings=\"{&quot;wcf-animation&quot;:&quot;none&quot;}\" data-widget_type=\"wcf--icon-box.default\">\n\t\t\t\t<div class=\"elementor-widget-container\">\n\t\t\t\t\t\t\t<div class=\"wcf__iconbox style-\" >\r\n\r\n\t\t\r\n\t\t<div class=\"elementor-icon icon\">\r\n\t\t\t<svg xmlns=\"http:\/\/www.w3.org\/2000\/svg\" width=\"66\" height=\"66\" viewbox=\"0 0 66 66\" fill=\"none\"><path fill-rule=\"evenodd\" clip-rule=\"evenodd\" d=\"M1.45555e-06 0H33L33 32.8342H66C66 37.1914 65.1463 41.5059 63.4876 45.5311C61.8289 49.5564 59.3978 53.2135 56.3332 56.2935C53.2686 59.3735 49.6306 61.8161 45.6269 63.4815C41.6233 65.147 37.3326 66.0028 33 66V32.8342C32.9047 41.5174 29.4312 50.1544 23.3207 56.2957C17.1324 62.5151 8.74404 66.0057 0 66V32.8342H28.3265C25.6009 32.4436 22.9285 31.7104 20.3731 30.6474C16.3694 28.9819 12.7314 26.5394 9.66677 23.4594C6.60216 20.3793 4.17106 16.7222 2.51239 12.697C0.853725 8.6717 5.52692e-07 4.3572 1.45555e-06 0Z\" fill=\"#121212\"><\/path><path fill-rule=\"evenodd\" clip-rule=\"evenodd\" d=\"M32.9994 32.834H65.9994C65.9994 37.1912 65.1457 41.5057 63.487 45.5309C61.8283 49.5562 59.3972 53.2133 56.3326 56.2933C53.268 59.3733 49.63 61.8159 45.6263 63.4814C41.6227 65.1468 37.332 66.0026 32.9994 65.9998V32.834C32.9041 41.5172 32.9994 32.835 32.9994 32.835C32.9994 32.835 41.7434 32.8397 32.9994 32.834Z\" fill=\"#FF8B49\"><\/path><\/svg>\t\t<\/div>\r\n\r\n\t\t\t\t\t<h3 class=\"title\">\r\n\t\t\tIntegrity\t\t\t<\/h3>\r\n\t\t\r\n\t\t\t\t\t<div class=\"desc\">\r\n                Having these marketplace to your branded skilled team of designers and developers who reputation which is perfection.\n\t\t\t<\/div>\r\n\t\t\r\n\t\t\r\n\t\t<\/div>\r\n\t\t\t\t\t\t<\/div>\n\t\t\t\t<\/div>\n\t\t\t\t<\/div>\n\t\t<div class=\"elementor-element elementor-element-f91ae7c e-con-full e-flex e-con e-child\" data-id=\"f91ae7c\" data-element_type=\"container\" data-settings=\"{&quot;wcf_enable_cursor_hover_effect_text&quot;:&quot;View&quot;,&quot;wcf-animation&quot;:&quot;fade&quot;,&quot;delay&quot;:0.6,&quot;data-duration&quot;:0.75,&quot;fade-offset&quot;:40,&quot;aae_method&quot;:&quot;from&quot;,&quot;aae_trigger&quot;:&quot;on_scroll&quot;,&quot;fade-from&quot;:&quot;bottom&quot;,&quot;ease&quot;:&quot;power2.out&quot;}\">\n\t\t\t\t<div class=\"elementor-element elementor-element-8c3cfcc elementor-widget__width-initial elementor-widget elementor-widget-wcf--icon-box\" data-id=\"8c3cfcc\" data-element_type=\"widget\" data-settings=\"{&quot;wcf-animation&quot;:&quot;none&quot;}\" data-widget_type=\"wcf--icon-box.default\">\n\t\t\t\t<div class=\"elementor-widget-container\">\n\t\t\t\t\t\t\t<div class=\"wcf__iconbox style-\" >\r\n\r\n\t\t\r\n\t\t<div class=\"elementor-icon icon\">\r\n\t\t\t<svg xmlns=\"http:\/\/www.w3.org\/2000\/svg\" width=\"66\" height=\"66\" viewbox=\"0 0 66 66\" fill=\"none\"><g id=\"Icon\"><path id=\"Union\" fill-rule=\"evenodd\" clip-rule=\"evenodd\" d=\"M33.1658 38.0428L0.33165 66L66 66L66 10.0856L33.1658 38.0428Z\" fill=\"#121212\"><\/path><path id=\"Union_2\" d=\"M-0.00018692 55.9141L32.834 26.6256L-0.000191808 -0.000359526L-0.00018692 55.9141Z\" fill=\"#FF8B49\"><\/path><\/g><\/svg>\t\t<\/div>\r\n\r\n\t\t\t\t\t<h3 class=\"title\">\r\n\t\t\tExcellence\t\t\t<\/h3>\r\n\t\t\r\n\t\t\t\t\t<div class=\"desc\">\r\n                Having these marketplace to your branded skilled team of designers and developers who reputation which is perfection.\n\t\t\t<\/div>\r\n\t\t\r\n\t\t\r\n\t\t<\/div>\r\n\t\t\t\t\t\t<\/div>\n\t\t\t\t<\/div>\n\t\t\t\t<\/div>\n\t\t\t\t<\/div>\n\t\t\t\t\t<\/div>\n\t\t\t\t<\/div>\n\t\t\t\t<\/div>","protected":false},"excerpt":{"rendered":"<p>\u00c0 propos de Mycelium Qui se cache derri\u00e8re ? S\u00e9bastien Bollet Directeur Marketing &#038; Communication Avec plus de 15 ans d\u2019exp\u00e9rience en communication, marketing digital et pilotage de projets, j\u2019accompagne les marques, artistes, producteurs et entreprises qui souhaitent renforcer leur visibilit\u00e9, structurer leur strat\u00e9gie en ligne et acc\u00e9l\u00e9rer leur croissance. Mon parcours m\u2019a conduit \u00e0 [&hellip;]<\/p>","protected":false},"author":1,"featured_media":0,"parent":0,"menu_order":0,"comment_status":"closed","ping_status":"closed","template":"elementor_header_footer","meta":{"footnotes":""},"class_list":["post-12131","page","type-page","status-publish","hentry"],"_links":{"self":[{"href":"https:\/\/myceliumgmt.com\/en\/wp-json\/wp\/v2\/pages\/12131","targetHints":{"allow":["GET"]}}],"collection":[{"href":"https:\/\/myceliumgmt.com\/en\/wp-json\/wp\/v2\/pages"}],"about":[{"href":"https:\/\/myceliumgmt.com\/en\/wp-json\/wp\/v2\/types\/page"}],"author":[{"embeddable":true,"href":"https:\/\/myceliumgmt.com\/en\/wp-json\/wp\/v2\/users\/1"}],"replies":[{"embeddable":true,"href":"https:\/\/myceliumgmt.com\/en\/wp-json\/wp\/v2\/comments?post=12131"}],"version-history":[{"count":61,"href":"https:\/\/myceliumgmt.com\/en\/wp-json\/wp\/v2\/pages\/12131\/revisions"}],"predecessor-version":[{"id":12354,"href":"https:\/\/myceliumgmt.com\/en\/wp-json\/wp\/v2\/pages\/12131\/revisions\/12354"}],"wp:attachment":[{"href":"https:\/\/myceliumgmt.com\/en\/wp-json\/wp\/v2\/media?parent=12131"}],"curies":[{"name":"wp","href":"https:\/\/api.w.org\/{rel}","templated":true}]}}